{"id":3833,"date":"2018-05-18T09:27:28","date_gmt":"2018-05-18T09:27:28","guid":{"rendered":"http:\/\/www.tommasin.com\/?page_id=3833"},"modified":"2018-05-18T09:27:28","modified_gmt":"2018-05-18T09:27:28","slug":"schnitt","status":"publish","type":"page","link":"https:\/\/www.tommasin.com\/de\/bearbeitungsart\/schnitt\/","title":{"rendered":"Schnitt"},"content":{"rendered":"<!DOCTYPE html PUBLIC \"-\/\/W3C\/\/DTD HTML 4.0 Transitional\/\/EN\" \"http:\/\/www.w3.org\/TR\/REC-html40\/loose.dtd\">\n<?xml encoding=\"UTF-8\"><html><body><p>\r\n\t<div class=\"row\">\r\n\t\t\t\t\t\t\t<div class=\"col-12\">\r\n\t\t\t\t<h2 class=\"tools-title\">BRILLENBEARBEITUNG<\/h2>\r\n\t\t\t<\/div>\r\n\t\t\t\t\t\t<div class=\"col-sm-6 col-md-4 mb-5\">\r\n\t\t\t\t\t\t\t\t\t<a class=\"item-link\" href=\"https:\/\/www.tommasin.com\/de\/utensili\/utensili-per-locchialeria\/brillenbearbeitung\/3146\/tnc\/\" title=\"3146Schnitt\">\t\r\n\t\t\t\t<div class=\"tool-external-container\">\r\n\t\t\t\t\t<div class=\"tool-moore-info-container\">\r\n\t\t\t\t\t\t<span class=\"tool-more-info\">mehr erfahren<\/span>\r\n\t\t\t\t\t<\/div>\r\n\t\t\t\t\t<article id=\"post-3146\" class=\"post-3146 type-utensili item-container\">\r\n\t\t\t\t\t\t<h3 class=\"item-title\">TNC<\/h3>\r\n\t\t\t\t\t\t\t<p class=\"item-description\">\r\n\t\t\t\t\t\t\t\tKREISS\u00c4GEN AUS VOLLHARTMETALL Mit gel\u00e4ppten...\t\t\t\t\t\t\t<\/p>\r\n\t\t\t\t\t\t\t<img decoding=\"async\" width=\"440\" height=\"100\" src=\"https:\/\/www.tommasin.com\/wp-content\/uploads\/2018\/03\/TNC_PREVIEW-440x100.jpg\" class=\"&#039;img-responsive&#039; wp-post-image\" alt=\"\" \/>\t\t\t\t\t\t\t\t\t\t\t\t<\/article>\r\n\t\t\t\t<\/div>\r\n\t\t\t<\/a>\r\n\t\t\t<\/div><!-- \/col-xs -->\r\n\t\t\t\t\t\t\t\t\t<div class=\"col-sm-6 col-md-4 mb-5\">\r\n\t\t\t\t\t\t\t\t\t<a class=\"item-link\" href=\"https:\/\/www.tommasin.com\/de\/utensili\/utensili-per-locchialeria\/brillenbearbeitung\/3148\/tnb\/\" title=\"3148Schnitt\">\t\r\n\t\t\t\t<div class=\"tool-external-container\">\r\n\t\t\t\t\t<div class=\"tool-moore-info-container\">\r\n\t\t\t\t\t\t<span class=\"tool-more-info\">mehr erfahren<\/span>\r\n\t\t\t\t\t<\/div>\r\n\t\t\t\t\t<article id=\"post-3148\" class=\"post-3148 type-utensili item-container\">\r\n\t\t\t\t\t\t<h3 class=\"item-title\">TNB<\/h3>\r\n\t\t\t\t\t\t\t<p class=\"item-description\">\r\n\t\t\t\t\t\t\t\tKREISS\u00c4GE MIT METALLS\u00c4GEBL\u00c4TTERN\t\t\t\t\t\t\t<\/p>\r\n\t\t\t\t\t\t\t<img decoding=\"async\" width=\"440\" height=\"100\" src=\"https:\/\/www.tommasin.com\/wp-content\/uploads\/2018\/03\/TNB_PREVIEW-440x100.jpg\" class=\"&#039;img-responsive&#039; wp-post-image\" alt=\"\" \/>\t\t\t\t\t\t\t\t\t\t\t\t<\/article>\r\n\t\t\t\t<\/div>\r\n\t\t\t<\/a>\r\n\t\t\t<\/div><!-- \/col-xs -->\r\n\t\t\t\t\t\t\t\t\t<div class=\"col-12\">\r\n\t\t\t\t<h2 class=\"tools-title\">Kreiss\u00e4gen aus Vollhartmetall<\/h2>\r\n\t\t\t<\/div>\r\n\t\t\t\t\t\t<div class=\"col-sm-6 col-md-4 mb-5\">\r\n\t\t\t\t\t\t\t\t\t<a class=\"item-link\" href=\"https:\/\/www.tommasin.com\/de\/utensili\/werkzeuge-fur-den-maschinenbau\/kreissagen-aus-vollhartmetall\/3149\/tnc-2\/\" title=\"3149Schnitt\">\t\r\n\t\t\t\t<div class=\"tool-external-container\">\r\n\t\t\t\t\t<div class=\"tool-moore-info-container\">\r\n\t\t\t\t\t\t<span class=\"tool-more-info\">mehr erfahren<\/span>\r\n\t\t\t\t\t<\/div>\r\n\t\t\t\t\t<article id=\"post-3149\" class=\"post-3149 type-utensili item-container\">\r\n\t\t\t\t\t\t<h3 class=\"item-title\">TNC-2<\/h3>\r\n\t\t\t\t\t\t\t<p class=\"item-description\">\r\n\t\t\t\t\t\t\t\tKREISS\u00c4GEN F\u00dcR GOLDSCHMIEDEN Aus Vollhartmetall\t\t\t\t\t\t\t<\/p>\r\n\t\t\t\t\t\t\t<img decoding=\"async\" width=\"440\" height=\"100\" src=\"https:\/\/www.tommasin.com\/wp-content\/uploads\/2018\/03\/TNC-1_PREVIEW-440x100.jpg\" class=\"&#039;img-responsive&#039; wp-post-image\" alt=\"\" \/>\t\t\t\t\t\t\t\t\t\t\t\t<\/article>\r\n\t\t\t\t<\/div>\r\n\t\t\t<\/a>\r\n\t\t\t<\/div><!-- \/col-xs -->\r\n\t\t\t\t\t\t\t\t\t<div class=\"col-sm-6 col-md-4 mb-5\">\r\n\t\t\t\t\t\t\t\t\t<a class=\"item-link\" href=\"https:\/\/www.tommasin.com\/de\/utensili\/werkzeuge-fur-den-maschinenbau\/kreissagen-aus-vollhartmetall\/3144\/tnc-3\/\" title=\"3144Schnitt\">\t\r\n\t\t\t\t<div class=\"tool-external-container\">\r\n\t\t\t\t\t<div class=\"tool-moore-info-container\">\r\n\t\t\t\t\t\t<span class=\"tool-more-info\">mehr erfahren<\/span>\r\n\t\t\t\t\t<\/div>\r\n\t\t\t\t\t<article id=\"post-3144\" class=\"post-3144 type-utensili item-container\">\r\n\t\t\t\t\t\t<h3 class=\"item-title\">TNC-3<\/h3>\r\n\t\t\t\t\t\t\t<p class=\"item-description\">\r\n\t\t\t\t\t\t\t\tFORMEN UND SCHLEIFEN VON Z\u00c4HNEN\t\t\t\t\t\t\t<\/p>\r\n\t\t\t\t\t\t\t<img decoding=\"async\" width=\"440\" height=\"100\" src=\"https:\/\/www.tommasin.com\/wp-content\/uploads\/2018\/03\/TNC-1_PREVIEW-440x100.jpg\" class=\"&#039;img-responsive&#039; wp-post-image\" alt=\"\" \/>\t\t\t\t\t\t\t\t\t\t\t\t<\/article>\r\n\t\t\t\t<\/div>\r\n\t\t\t<\/a>\r\n\t\t\t<\/div><!-- \/col-xs -->\r\n\t\t\t\t\t\t\t\t\t<div class=\"col-sm-6 col-md-4 mb-5\">\r\n\t\t\t\t\t\t\t\t\t<a class=\"item-link\" href=\"https:\/\/www.tommasin.com\/de\/utensili\/werkzeuge-fur-den-maschinenbau\/kreissagen-aus-vollhartmetall\/3097\/normative-din\/\" title=\"3097Schnitt\">\t\r\n\t\t\t\t<div class=\"tool-external-container\">\r\n\t\t\t\t\t<div class=\"tool-moore-info-container\">\r\n\t\t\t\t\t\t<span class=\"tool-more-info\">mehr erfahren<\/span>\r\n\t\t\t\t\t<\/div>\r\n\t\t\t\t\t<article id=\"post-3097\" class=\"post-3097 type-utensili item-container\">\r\n\t\t\t\t\t\t<h3 class=\"item-title\">NORMATIVE DIN<\/h3>\r\n\t\t\t\t\t\t\t<p class=\"item-description\">\r\n\t\t\t\t\t\t\t\tSTANDARDABMESSUNG UND VERZAHNUNGSART F\u00dcR...\t\t\t\t\t\t\t<\/p>\r\n\t\t\t\t\t\t\t<img loading=\"lazy\" decoding=\"async\" width=\"440\" height=\"100\" src=\"https:\/\/www.tommasin.com\/wp-content\/uploads\/2018\/04\/NORMATIVE_DIN_PREVIEW-2-440x100.jpg\" class=\"&#039;img-responsive&#039; wp-post-image\" alt=\"\" \/>\t\t\t\t\t\t\t\t\t\t\t\t<\/article>\r\n\t\t\t\t<\/div>\r\n\t\t\t<\/a>\r\n\t\t\t<\/div><!-- \/col-xs -->\r\n\t\t\t\r\n\t\t\r\n\t<\/div><!-- \/row -->\r\n\t\n<\/p><\/body><\/html>\n","protected":false},"excerpt":{"rendered":"","protected":false},"author":1,"featured_media":0,"parent":3745,"menu_order":0,"comment_status":"closed","ping_status":"closed","template":"","meta":{"_acf_changed":false,"footnotes":""},"class_list":["post-3833","page","type-page","status-publish","hentry"],"acf":[],"_links":{"self":[{"href":"https:\/\/www.tommasin.com\/de\/wp-json\/wp\/v2\/pages\/3833","targetHints":{"allow":["GET"]}}],"collection":[{"href":"https:\/\/www.tommasin.com\/de\/wp-json\/wp\/v2\/pages"}],"about":[{"href":"https:\/\/www.tommasin.com\/de\/wp-json\/wp\/v2\/types\/page"}],"author":[{"embeddable":true,"href":"https:\/\/www.tommasin.com\/de\/wp-json\/wp\/v2\/users\/1"}],"replies":[{"embeddable":true,"href":"https:\/\/www.tommasin.com\/de\/wp-json\/wp\/v2\/comments?post=3833"}],"version-history":[{"count":4,"href":"https:\/\/www.tommasin.com\/de\/wp-json\/wp\/v2\/pages\/3833\/revisions"}],"predecessor-version":[{"id":3837,"href":"https:\/\/www.tommasin.com\/de\/wp-json\/wp\/v2\/pages\/3833\/revisions\/3837"}],"up":[{"embeddable":true,"href":"https:\/\/www.tommasin.com\/de\/wp-json\/wp\/v2\/pages\/3745"}],"wp:attachment":[{"href":"https:\/\/www.tommasin.com\/de\/wp-json\/wp\/v2\/media?parent=3833"}],"curies":[{"name":"wp","href":"https:\/\/api.w.org\/{rel}","templated":true}]}}