{"id":3852,"date":"2018-05-18T09:30:47","date_gmt":"2018-05-18T09:30:47","guid":{"rendered":"http:\/\/www.tommasin.com\/?page_id=3852"},"modified":"2018-05-18T09:30:47","modified_gmt":"2018-05-18T09:30:47","slug":"eckfraesen-feinbearbeitung","status":"publish","type":"page","link":"https:\/\/www.tommasin.com\/de\/bearbeitungsart\/eckfraesen-feinbearbeitung\/","title":{"rendered":"Eckfr\u00e4sen &#8211; Feinbearbeitung"},"content":{"rendered":"<!DOCTYPE html PUBLIC \"-\/\/W3C\/\/DTD HTML 4.0 Transitional\/\/EN\" \"http:\/\/www.w3.org\/TR\/REC-html40\/loose.dtd\">\n<?xml encoding=\"UTF-8\"><html><body><p>\r\n\t<div class=\"row\">\r\n\t\t\t\t\t\t\t<div class=\"col-12\">\r\n\t\t\t\t<h2 class=\"tools-title\">Aluminium, Kunststoff und NE-Werkstoffe<\/h2>\r\n\t\t\t<\/div>\r\n\t\t\t\t\t\t<div class=\"col-sm-6 col-md-4 mb-5\">\r\n\t\t\t\t\t\t\t\t\t<a class=\"item-link\" href=\"https:\/\/www.tommasin.com\/de\/utensili\/werkzeuge-fur-den-maschinenbau\/aluminium-kunststoff-und-ne-werkstoffe-werkzeuge-fur-den-maschinenbau\/3093\/ftr-al\/\" title=\"3093Eckfr\u00e4sen &#8211; Feinbearbeitung\">\t\r\n\t\t\t\t<div class=\"tool-external-container\">\r\n\t\t\t\t\t<div class=\"tool-moore-info-container\">\r\n\t\t\t\t\t\t<span class=\"tool-more-info\">mehr erfahren<\/span>\r\n\t\t\t\t\t<\/div>\r\n\t\t\t\t\t<article id=\"post-3093\" class=\"post-3093 type-utensili item-container\">\r\n\t\t\t\t\t\t<h3 class=\"item-title\">FTR-AL<\/h3>\r\n\t\t\t\t\t\t\t<p class=\"item-description\">\r\n\t\t\t\t\t\t\t\tZ2-TORUSFR\u00c4SER Hartmetall K\u00f6rnung extrafein. <...\t\t\t\t\t\t\t<\/p>\r\n\t\t\t\t\t\t\t<img decoding=\"async\" width=\"440\" height=\"100\" src=\"https:\/\/www.tommasin.com\/wp-content\/uploads\/2018\/03\/FTR-AL_PREVIEW-440x100.jpg\" class=\"&#039;img-responsive&#039; wp-post-image\" alt=\"\" \/>\t\t\t\t\t\t\t\t\t\t\t\t<\/article>\r\n\t\t\t\t<\/div>\r\n\t\t\t<\/a>\r\n\t\t\t<\/div><!-- \/col-xs -->\r\n\t\t\t\t\t\t\t\t\t<div class=\"col-sm-6 col-md-4 mb-5\">\r\n\t\t\t\t\t\t\t\t\t<a class=\"item-link\" href=\"https:\/\/www.tommasin.com\/de\/utensili\/werkzeuge-fur-den-maschinenbau\/aluminium-kunststoff-und-ne-werkstoffe-werkzeuge-fur-den-maschinenbau\/3082\/f2ral\/\" title=\"3082Eckfr\u00e4sen &#8211; Feinbearbeitung\">\t\r\n\t\t\t\t<div class=\"tool-external-container\">\r\n\t\t\t\t\t<div class=\"tool-moore-info-container\">\r\n\t\t\t\t\t\t<span class=\"tool-more-info\">mehr erfahren<\/span>\r\n\t\t\t\t\t<\/div>\r\n\t\t\t\t\t<article id=\"post-3082\" class=\"post-3082 type-utensili item-container\">\r\n\t\t\t\t\t\t<h3 class=\"item-title\">F2RAL<\/h3>\r\n\t\t\t\t\t\t\t<p class=\"item-description\">\r\n\t\t\t\t\t\t\t\tKUGELFR\u00c4SER Z2\t\t\t\t\t\t\t<\/p>\r\n\t\t\t\t\t\t\t<img decoding=\"async\" width=\"440\" height=\"100\" src=\"https:\/\/www.tommasin.com\/wp-content\/uploads\/2018\/03\/F2RAL_PREVIEW-440x100.jpg\" class=\"&#039;img-responsive&#039; wp-post-image\" alt=\"\" \/>\t\t\t\t\t\t\t\t\t\t\t\t<\/article>\r\n\t\t\t\t<\/div>\r\n\t\t\t<\/a>\r\n\t\t\t<\/div><!-- \/col-xs -->\r\n\t\t\t\t\t\t\t\t\t<div class=\"col-sm-6 col-md-4 mb-5\">\r\n\t\t\t\t\t\t\t\t\t<a class=\"item-link\" href=\"https:\/\/www.tommasin.com\/de\/utensili\/werkzeuge-fur-den-maschinenbau\/aluminium-kunststoff-und-ne-werkstoffe-werkzeuge-fur-den-maschinenbau\/3081\/f2al\/\" title=\"3081Eckfr\u00e4sen &#8211; Feinbearbeitung\">\t\r\n\t\t\t\t<div class=\"tool-external-container\">\r\n\t\t\t\t\t<div class=\"tool-moore-info-container\">\r\n\t\t\t\t\t\t<span class=\"tool-more-info\">mehr erfahren<\/span>\r\n\t\t\t\t\t<\/div>\r\n\t\t\t\t\t<article id=\"post-3081\" class=\"post-3081 type-utensili item-container\">\r\n\t\t\t\t\t\t<h3 class=\"item-title\">F2AL<\/h3>\r\n\t\t\t\t\t\t\t<p class=\"item-description\">\r\n\t\t\t\t\t\t\t\tHOCHLEISTUNGSFR\u00c4SER AUF ALUMINIUM, LEGIERUNGEN...\t\t\t\t\t\t\t<\/p>\r\n\t\t\t\t\t\t\t<img decoding=\"async\" width=\"440\" height=\"100\" src=\"https:\/\/www.tommasin.com\/wp-content\/uploads\/2018\/03\/F2AL_PREVIEW-440x100.jpg\" class=\"&#039;img-responsive&#039; wp-post-image\" alt=\"\" \/>\t\t\t\t\t\t\t\t\t\t\t\t<\/article>\r\n\t\t\t\t<\/div>\r\n\t\t\t<\/a>\r\n\t\t\t<\/div><!-- \/col-xs -->\r\n\t\t\t\t\t\t\t\t\t<div class=\"col-sm-6 col-md-4 mb-5\">\r\n\t\t\t\t\t\t\t\t\t<a class=\"item-link\" href=\"https:\/\/www.tommasin.com\/de\/utensili\/werkzeuge-fur-den-maschinenbau\/aluminium-kunststoff-und-ne-werkstoffe-werkzeuge-fur-den-maschinenbau\/3088\/ftd\/\" title=\"3088Eckfr\u00e4sen &#8211; Feinbearbeitung\">\t\r\n\t\t\t\t<div class=\"tool-external-container\">\r\n\t\t\t\t\t<div class=\"tool-moore-info-container\">\r\n\t\t\t\t\t\t<span class=\"tool-more-info\">mehr erfahren<\/span>\r\n\t\t\t\t\t<\/div>\r\n\t\t\t\t\t<article id=\"post-3088\" class=\"post-3088 type-utensili item-container\">\r\n\t\t\t\t\t\t<h3 class=\"item-title\">FTD<\/h3>\r\n\t\t\t\t\t\t\t<p class=\"item-description\">\r\n\t\t\t\t\t\t\t\tKREUZVERZAHNTE FR\u00c4SER Hartmetall Mikrok\u00f6rnung...\t\t\t\t\t\t\t<\/p>\r\n\t\t\t\t\t\t\t<img loading=\"lazy\" decoding=\"async\" width=\"440\" height=\"100\" src=\"https:\/\/www.tommasin.com\/wp-content\/uploads\/2018\/03\/FTD_PREVIEW-440x100.jpg\" class=\"&#039;img-responsive&#039; wp-post-image\" alt=\"\" \/>\t\t\t\t\t\t\t\t\t\t\t\t<\/article>\r\n\t\t\t\t<\/div>\r\n\t\t\t<\/a>\r\n\t\t\t<\/div><!-- \/col-xs -->\r\n\t\t\t\t\t\t\t\t\t<div class=\"col-12\">\r\n\t\t\t\t<h2 class=\"tools-title\">Mechanik allgemein<\/h2>\r\n\t\t\t<\/div>\r\n\t\t\t\t\t\t<div class=\"col-sm-6 col-md-4 mb-5\">\r\n\t\t\t\t\t\t\t\t\t<a class=\"item-link\" href=\"https:\/\/www.tommasin.com\/de\/utensili\/werkzeuge-fur-den-maschinenbau\/mechanik-allgemein-werkzeuge-fur-den-maschinenbau\/3105\/tfc-an\/\" title=\"3105Eckfr\u00e4sen &#8211; Feinbearbeitung\">\t\r\n\t\t\t\t<div class=\"tool-external-container\">\r\n\t\t\t\t\t<div class=\"tool-moore-info-container\">\r\n\t\t\t\t\t\t<span class=\"tool-more-info\">mehr erfahren<\/span>\r\n\t\t\t\t\t<\/div>\r\n\t\t\t\t\t<article id=\"post-3105\" class=\"post-3105 type-utensili item-container\">\r\n\t\t\t\t\t\t<h3 class=\"item-title\">TFC\/AN<\/h3>\r\n\t\t\t\t\t\t\t<p class=\"item-description\">\r\n\t\t\t\t\t\t\t\tZYLINDERFR\u00c4SER SPIRALNUT 45\t\t\t\t\t\t\t<\/p>\r\n\t\t\t\t\t\t\t<img loading=\"lazy\" decoding=\"async\" width=\"440\" height=\"100\" src=\"https:\/\/www.tommasin.com\/wp-content\/uploads\/2018\/03\/TFC-AN_PREVIEW-440x100.jpg\" class=\"&#039;img-responsive&#039; wp-post-image\" alt=\"\" \/>\t\t\t\t\t\t\t\t\t\t\t\t<\/article>\r\n\t\t\t\t<\/div>\r\n\t\t\t<\/a>\r\n\t\t\t<\/div><!-- \/col-xs -->\r\n\t\t\t\t\t\t\t\t\t<div class=\"col-sm-6 col-md-4 mb-5\">\r\n\t\t\t\t\t\t\t\t\t<a class=\"item-link\" href=\"https:\/\/www.tommasin.com\/de\/utensili\/werkzeuge-fur-den-maschinenbau\/mechanik-allgemein-werkzeuge-fur-den-maschinenbau\/3113\/tfc-x\/\" title=\"3113Eckfr\u00e4sen &#8211; Feinbearbeitung\">\t\r\n\t\t\t\t<div class=\"tool-external-container\">\r\n\t\t\t\t\t<div class=\"tool-moore-info-container\">\r\n\t\t\t\t\t\t<span class=\"tool-more-info\">mehr erfahren<\/span>\r\n\t\t\t\t\t<\/div>\r\n\t\t\t\t\t<article id=\"post-3113\" class=\"post-3113 type-utensili item-container\">\r\n\t\t\t\t\t\t<h3 class=\"item-title\">TFC\/X<\/h3>\r\n\t\t\t\t\t\t\t<p class=\"item-description\">\r\n\t\t\t\t\t\t\t\tEXTRA LANGE SERIE ZENTRUMSCHNITT Hartmetall...\t\t\t\t\t\t\t<\/p>\r\n\t\t\t\t\t\t\t<img loading=\"lazy\" decoding=\"async\" width=\"440\" height=\"100\" src=\"https:\/\/www.tommasin.com\/wp-content\/uploads\/2018\/03\/TFC-X_PREVIEW-440x100.jpg\" class=\"&#039;img-responsive&#039; wp-post-image\" alt=\"\" \/>\t\t\t\t\t\t\t\t\t\t\t\t<\/article>\r\n\t\t\t\t<\/div>\r\n\t\t\t<\/a>\r\n\t\t\t<\/div><!-- \/col-xs -->\r\n\t\t\t\t\t\t\t\t\t<div class=\"col-sm-6 col-md-4 mb-5\">\r\n\t\t\t\t\t\t\t\t\t<a class=\"item-link\" href=\"https:\/\/www.tommasin.com\/de\/utensili\/werkzeuge-fur-den-maschinenbau\/mechanik-allgemein-werkzeuge-fur-den-maschinenbau\/3103\/tfc-1\/\" title=\"3103Eckfr\u00e4sen &#8211; Feinbearbeitung\">\t\r\n\t\t\t\t<div class=\"tool-external-container\">\r\n\t\t\t\t\t<div class=\"tool-moore-info-container\">\r\n\t\t\t\t\t\t<span class=\"tool-more-info\">mehr erfahren<\/span>\r\n\t\t\t\t\t<\/div>\r\n\t\t\t\t\t<article id=\"post-3103\" class=\"post-3103 type-utensili item-container\">\r\n\t\t\t\t\t\t<h3 class=\"item-title\">TFC-1<\/h3>\r\n\t\t\t\t\t\t\t<p class=\"item-description\">\r\n\t\t\t\t\t\t\t\tZYLINDER-STIRNFR\u00c4SER, STANDARDSERIE Hartmetall...\t\t\t\t\t\t\t<\/p>\r\n\t\t\t\t\t\t\t<img loading=\"lazy\" decoding=\"async\" width=\"440\" height=\"100\" src=\"https:\/\/www.tommasin.com\/wp-content\/uploads\/2018\/03\/TFC-1_PREVIEW-440x100.jpg\" class=\"&#039;img-responsive&#039; wp-post-image\" alt=\"\" \/>\t\t\t\t\t\t\t\t\t\t\t\t<\/article>\r\n\t\t\t\t<\/div>\r\n\t\t\t<\/a>\r\n\t\t\t<\/div><!-- \/col-xs -->\r\n\t\t\t\t\t\t\t\t\t<div class=\"col-sm-6 col-md-4 mb-5\">\r\n\t\t\t\t\t\t\t\t\t<a class=\"item-link\" href=\"https:\/\/www.tommasin.com\/de\/utensili\/werkzeuge-fur-den-maschinenbau\/mechanik-allgemein-werkzeuge-fur-den-maschinenbau\/3118\/tfc-g\/\" title=\"3118Eckfr\u00e4sen &#8211; Feinbearbeitung\">\t\r\n\t\t\t\t<div class=\"tool-external-container\">\r\n\t\t\t\t\t<div class=\"tool-moore-info-container\">\r\n\t\t\t\t\t\t<span class=\"tool-more-info\">mehr erfahren<\/span>\r\n\t\t\t\t\t<\/div>\r\n\t\t\t\t\t<article id=\"post-3118\" class=\"post-3118 type-utensili item-container\">\r\n\t\t\t\t\t\t<h3 class=\"item-title\">TFC\/G<\/h3>\r\n\t\t\t\t\t\t\t<p class=\"item-description\">\r\n\t\t\t\t\t\t\t\tSPIRALFR\u00c4SER MIT VERST\u00c4RKTEM SCHAFT Hartmetall...\t\t\t\t\t\t\t<\/p>\r\n\t\t\t\t\t\t\t<img loading=\"lazy\" decoding=\"async\" width=\"440\" height=\"100\" src=\"https:\/\/www.tommasin.com\/wp-content\/uploads\/2018\/03\/TFC-G_PREVIEW-440x100.jpg\" class=\"&#039;img-responsive&#039; wp-post-image\" alt=\"\" \/>\t\t\t\t\t\t\t\t\t\t\t\t<\/article>\r\n\t\t\t\t<\/div>\r\n\t\t\t<\/a>\r\n\t\t\t<\/div><!-- \/col-xs -->\r\n\t\t\t\t\t\t\t\t\t<div class=\"col-sm-6 col-md-4 mb-5\">\r\n\t\t\t\t\t\t\t\t\t<a class=\"item-link\" href=\"https:\/\/www.tommasin.com\/de\/utensili\/werkzeuge-fur-den-maschinenbau\/mechanik-allgemein-werkzeuge-fur-den-maschinenbau\/3101\/tfc-al\/\" title=\"3101Eckfr\u00e4sen &#8211; Feinbearbeitung\">\t\r\n\t\t\t\t<div class=\"tool-external-container\">\r\n\t\t\t\t\t<div class=\"tool-moore-info-container\">\r\n\t\t\t\t\t\t<span class=\"tool-more-info\">mehr erfahren<\/span>\r\n\t\t\t\t\t<\/div>\r\n\t\t\t\t\t<article id=\"post-3101\" class=\"post-3101 type-utensili item-container\">\r\n\t\t\t\t\t\t<h3 class=\"item-title\">TFC\/AL<\/h3>\r\n\t\t\t\t\t\t\t<p class=\"item-description\">\r\n\t\t\t\t\t\t\t\tZYLINDERFR\u00c4SER SPIRALNUT 45\t\t\t\t\t\t\t<\/p>\r\n\t\t\t\t\t\t\t<img loading=\"lazy\" decoding=\"async\" width=\"440\" height=\"100\" src=\"https:\/\/www.tommasin.com\/wp-content\/uploads\/2018\/03\/TFC-AL_PREVIEW-440x100.jpg\" class=\"&#039;img-responsive&#039; wp-post-image\" alt=\"\" \/>\t\t\t\t\t\t\t\t\t\t\t\t<\/article>\r\n\t\t\t\t<\/div>\r\n\t\t\t<\/a>\r\n\t\t\t<\/div><!-- \/col-xs -->\r\n\t\t\t\t\t\t\t\t\t<div class=\"col-sm-6 col-md-4 mb-5\">\r\n\t\t\t\t\t\t\t\t\t<a class=\"item-link\" href=\"https:\/\/www.tommasin.com\/de\/utensili\/werkzeuge-fur-den-maschinenbau\/mechanik-allgemein-werkzeuge-fur-den-maschinenbau\/3107\/tfc-l\/\" title=\"3107Eckfr\u00e4sen &#8211; Feinbearbeitung\">\t\r\n\t\t\t\t<div class=\"tool-external-container\">\r\n\t\t\t\t\t<div class=\"tool-moore-info-container\">\r\n\t\t\t\t\t\t<span class=\"tool-more-info\">mehr erfahren<\/span>\r\n\t\t\t\t\t<\/div>\r\n\t\t\t\t\t<article id=\"post-3107\" class=\"post-3107 type-utensili item-container\">\r\n\t\t\t\t\t\t<h3 class=\"item-title\">TFC\/L<\/h3>\r\n\t\t\t\t\t\t\t<p class=\"item-description\">\r\n\t\t\t\t\t\t\t\tLANGE SERIE ZENTRUMSCHNITT Hartmetall...\t\t\t\t\t\t\t<\/p>\r\n\t\t\t\t\t\t\t<img loading=\"lazy\" decoding=\"async\" width=\"440\" height=\"100\" src=\"https:\/\/www.tommasin.com\/wp-content\/uploads\/2018\/03\/TFC-L_PREVIEW-440x100.jpg\" class=\"&#039;img-responsive&#039; wp-post-image\" alt=\"\" \/>\t\t\t\t\t\t\t\t\t\t\t\t<\/article>\r\n\t\t\t\t<\/div>\r\n\t\t\t<\/a>\r\n\t\t\t<\/div><!-- \/col-xs -->\r\n\t\t\t\t\t\t\t\t\t<div class=\"col-12\">\r\n\t\t\t\t<h2 class=\"tools-title\">Stahl und Titan<\/h2>\r\n\t\t\t<\/div>\r\n\t\t\t\t\t\t<div class=\"col-sm-6 col-md-4 mb-5\">\r\n\t\t\t\t\t\t\t\t\t<a class=\"item-link\" href=\"https:\/\/www.tommasin.com\/de\/utensili\/werkzeuge-fur-den-maschinenbau\/stahl-und-titan-werkzeuge-fur-den-maschinenbau\/3084\/fa4n2\/\" title=\"3084Eckfr\u00e4sen &#8211; Feinbearbeitung\">\t\r\n\t\t\t\t<div class=\"tool-external-container\">\r\n\t\t\t\t\t<div class=\"tool-moore-info-container\">\r\n\t\t\t\t\t\t<span class=\"tool-more-info\">mehr erfahren<\/span>\r\n\t\t\t\t\t<\/div>\r\n\t\t\t\t\t<article id=\"post-3084\" class=\"post-3084 type-utensili item-container\">\r\n\t\t\t\t\t\t<h3 class=\"item-title\">FA4N2<\/h3>\r\n\t\t\t\t\t\t\t<p class=\"item-description\">\r\n\t\t\t\t\t\t\t\tDOPPELSCHNEIDENFR\u00c4SER F\u00dcR GEH\u00c4RTETE ST\u00c4HLE\t\t\t\t\t\t\t<\/p>\r\n\t\t\t\t\t\t\t<img loading=\"lazy\" decoding=\"async\" width=\"440\" height=\"100\" src=\"https:\/\/www.tommasin.com\/wp-content\/uploads\/2018\/03\/FA4N2_PREVIEW-440x100.jpg\" class=\"&#039;img-responsive&#039; wp-post-image\" alt=\"\" \/>\t\t\t\t\t\t\t\t\t\t\t\t<\/article>\r\n\t\t\t\t<\/div>\r\n\t\t\t<\/a>\r\n\t\t\t<\/div><!-- \/col-xs -->\r\n\t\t\t\t\t\t\t\t\t<div class=\"col-sm-6 col-md-4 mb-5\">\r\n\t\t\t\t\t\t\t\t\t<a class=\"item-link\" href=\"https:\/\/www.tommasin.com\/de\/utensili\/werkzeuge-fur-den-maschinenbau\/stahl-und-titan-werkzeuge-fur-den-maschinenbau\/3083\/f3n-inox\/\" title=\"3083Eckfr\u00e4sen &#8211; Feinbearbeitung\">\t\r\n\t\t\t\t<div class=\"tool-external-container\">\r\n\t\t\t\t\t<div class=\"tool-moore-info-container\">\r\n\t\t\t\t\t\t<span class=\"tool-more-info\">mehr erfahren<\/span>\r\n\t\t\t\t\t<\/div>\r\n\t\t\t\t\t<article id=\"post-3083\" class=\"post-3083 type-utensili item-container\">\r\n\t\t\t\t\t\t<h3 class=\"item-title\">F3N-INOX<\/h3>\r\n\t\t\t\t\t\t\t<p class=\"item-description\">\r\n\t\t\t\t\t\t\t\tFR\u00c4SER F\u00dcR ROSTFREIE ST\u00c4HLE UND TITAN\t\t\t\t\t\t\t<\/p>\r\n\t\t\t\t\t\t\t<img loading=\"lazy\" decoding=\"async\" width=\"440\" height=\"100\" src=\"https:\/\/www.tommasin.com\/wp-content\/uploads\/2018\/03\/F3N-INOX_PREVIEW-440x100.jpg\" class=\"&#039;img-responsive&#039; wp-post-image\" alt=\"\" \/>\t\t\t\t\t\t\t\t\t\t\t\t<\/article>\r\n\t\t\t\t<\/div>\r\n\t\t\t<\/a>\r\n\t\t\t<\/div><!-- \/col-xs -->\r\n\t\t\t\t\t\t\t\t\t<div class=\"col-sm-6 col-md-4 mb-5\">\r\n\t\t\t\t\t\t\t\t\t<a class=\"item-link\" href=\"https:\/\/www.tommasin.com\/de\/utensili\/werkzeuge-fur-den-maschinenbau\/stahl-und-titan-werkzeuge-fur-den-maschinenbau\/3112\/tfc-t\/\" title=\"3112Eckfr\u00e4sen &#8211; Feinbearbeitung\">\t\r\n\t\t\t\t<div class=\"tool-external-container\">\r\n\t\t\t\t\t<div class=\"tool-moore-info-container\">\r\n\t\t\t\t\t\t<span class=\"tool-more-info\">mehr erfahren<\/span>\r\n\t\t\t\t\t<\/div>\r\n\t\t\t\t\t<article id=\"post-3112\" class=\"post-3112 type-utensili item-container\">\r\n\t\t\t\t\t\t<h3 class=\"item-title\">TFC\/T<\/h3>\r\n\t\t\t\t\t\t\t<p class=\"item-description\">\r\n\t\t\t\t\t\t\t\tZYLINDERFR\u00c4SER SPIRALNUT *60\t\t\t\t\t\t\t<\/p>\r\n\t\t\t\t\t\t\t<img loading=\"lazy\" decoding=\"async\" width=\"440\" height=\"100\" src=\"https:\/\/www.tommasin.com\/wp-content\/uploads\/2018\/03\/TFC-T_PREVIEW-1-440x100.jpg\" class=\"&#039;img-responsive&#039; wp-post-image\" alt=\"\" \/>\t\t\t\t\t\t\t\t\t\t\t\t<\/article>\r\n\t\t\t\t<\/div>\r\n\t\t\t<\/a>\r\n\t\t\t<\/div><!-- \/col-xs -->\r\n\t\t\t\t\t\t\t\t\t<div class=\"col-sm-6 col-md-4 mb-5\">\r\n\t\t\t\t\t\t\t\t\t<a class=\"item-link\" href=\"https:\/\/www.tommasin.com\/de\/utensili\/werkzeuge-fur-den-maschinenbau\/stahl-und-titan-werkzeuge-fur-den-maschinenbau\/3095\/ftr-inox\/\" title=\"3095Eckfr\u00e4sen &#8211; Feinbearbeitung\">\t\r\n\t\t\t\t<div class=\"tool-external-container\">\r\n\t\t\t\t\t<div class=\"tool-moore-info-container\">\r\n\t\t\t\t\t\t<span class=\"tool-more-info\">mehr erfahren<\/span>\r\n\t\t\t\t\t<\/div>\r\n\t\t\t\t\t<article id=\"post-3095\" class=\"post-3095 type-utensili item-container\">\r\n\t\t\t\t\t\t<h3 class=\"item-title\">FTR-INOX<\/h3>\r\n\t\t\t\t\t\t\t<p class=\"item-description\">\r\n\t\t\t\t\t\t\t\tTORUSFR\u00c4SER F\u00dcR STAHL UND TITAN\t\t\t\t\t\t\t<\/p>\r\n\t\t\t\t\t\t\t<img decoding=\"async\" src=\"https:\/\/www.tommasin.com\/wp-content\/uploads\/2018\/01\/no_image_HIGHT_tommasin_utensili-440x100.jpg\" class=\"'img-responsive'\" title=\"no-image\" alt=\"no-image\" \\>\t\t\t\t\t\t\t\t\t\t\t\t<\/article>\r\n\t\t\t\t<\/div>\r\n\t\t\t<\/a>\r\n\t\t\t<\/div><!-- \/col-xs -->\r\n\t\t\t\t\t\t\t\t\t<div class=\"col-12\">\r\n\t\t\t\t<h2 class=\"tools-title\">Werkzeuglinie<\/h2>\r\n\t\t\t<\/div>\r\n\t\t\t\t\t\t<div class=\"col-sm-6 col-md-4 mb-5\">\r\n\t\t\t\t\t\t\t\t\t<a class=\"item-link\" href=\"https:\/\/www.tommasin.com\/de\/utensili\/werkzeuge-fur-den-maschinenbau\/werkzeuglinie-werkzeuge-fur-den-maschinenbau\/3078\/fsrl\/\" title=\"3078Eckfr\u00e4sen &#8211; Feinbearbeitung\">\t\r\n\t\t\t\t<div class=\"tool-external-container\">\r\n\t\t\t\t\t<div class=\"tool-moore-info-container\">\r\n\t\t\t\t\t\t<span class=\"tool-more-info\">mehr erfahren<\/span>\r\n\t\t\t\t\t<\/div>\r\n\t\t\t\t\t<article id=\"post-3078\" class=\"post-3078 type-utensili item-container\">\r\n\t\t\t\t\t\t<h3 class=\"item-title\">FSRL<\/h3>\r\n\t\t\t\t\t\t\t<p class=\"item-description\">\r\n\t\t\t\t\t\t\t\tLANGSCHAFT-KUGELKOPFFR\u00c4SER F\u00dcR HARTST\u00c4HLE...\t\t\t\t\t\t\t<\/p>\r\n\t\t\t\t\t\t\t<img loading=\"lazy\" decoding=\"async\" width=\"440\" height=\"100\" src=\"https:\/\/www.tommasin.com\/wp-content\/uploads\/2018\/03\/FSRL_PREVIEW-440x100.jpg\" class=\"&#039;img-responsive&#039; wp-post-image\" alt=\"\" \/>\t\t\t\t\t\t\t\t\t\t\t\t<\/article>\r\n\t\t\t\t<\/div>\r\n\t\t\t<\/a>\r\n\t\t\t<\/div><!-- \/col-xs -->\r\n\t\t\t\t\t\t\t\t\t<div class=\"col-sm-6 col-md-4 mb-5\">\r\n\t\t\t\t\t\t\t\t\t<a class=\"item-link\" href=\"https:\/\/www.tommasin.com\/de\/utensili\/werkzeuge-fur-den-maschinenbau\/werkzeuglinie-werkzeuge-fur-den-maschinenbau\/3090\/ftr\/\" title=\"3090Eckfr\u00e4sen &#8211; Feinbearbeitung\">\t\r\n\t\t\t\t<div class=\"tool-external-container\">\r\n\t\t\t\t\t<div class=\"tool-moore-info-container\">\r\n\t\t\t\t\t\t<span class=\"tool-more-info\">mehr erfahren<\/span>\r\n\t\t\t\t\t<\/div>\r\n\t\t\t\t\t<article id=\"post-3090\" class=\"post-3090 type-utensili item-container\">\r\n\t\t\t\t\t\t<h3 class=\"item-title\">FTR<\/h3>\r\n\t\t\t\t\t\t\t<p class=\"item-description\">\r\n\t\t\t\t\t\t\t\tTorusfr\u00e4ser - Standardserie Hartmetall K\u00f6rnung...\t\t\t\t\t\t\t<\/p>\r\n\t\t\t\t\t\t\t<img loading=\"lazy\" decoding=\"async\" width=\"440\" height=\"100\" src=\"https:\/\/www.tommasin.com\/wp-content\/uploads\/2018\/03\/FTR_PREVIEW-440x100.jpg\" class=\"&#039;img-responsive&#039; wp-post-image\" alt=\"\" \/>\t\t\t\t\t\t\t\t\t\t\t\t<\/article>\r\n\t\t\t\t<\/div>\r\n\t\t\t<\/a>\r\n\t\t\t<\/div><!-- \/col-xs -->\r\n\t\t\t\t\t\t\t\t\t<div class=\"col-sm-6 col-md-4 mb-5\">\r\n\t\t\t\t\t\t\t\t\t<a class=\"item-link\" href=\"https:\/\/www.tommasin.com\/de\/utensili\/werkzeuge-fur-den-maschinenbau\/werkzeuglinie-werkzeuge-fur-den-maschinenbau\/3145\/tom\/\" title=\"3145Eckfr\u00e4sen &#8211; Feinbearbeitung\">\t\r\n\t\t\t\t<div class=\"tool-external-container\">\r\n\t\t\t\t\t<div class=\"tool-moore-info-container\">\r\n\t\t\t\t\t\t<span class=\"tool-more-info\">mehr erfahren<\/span>\r\n\t\t\t\t\t<\/div>\r\n\t\t\t\t\t<article id=\"post-3145\" class=\"post-3145 type-utensili item-container\">\r\n\t\t\t\t\t\t<h3 class=\"item-title\">TOM<\/h3>\r\n\t\t\t\t\t\t\t<p class=\"item-description\">\r\n\t\t\t\t\t\t\t\tKEGELFR\u00c4SER MIT LANGEM SCHAFT Hartmetall...\t\t\t\t\t\t\t<\/p>\r\n\t\t\t\t\t\t\t<img loading=\"lazy\" decoding=\"async\" width=\"440\" height=\"100\" src=\"https:\/\/www.tommasin.com\/wp-content\/uploads\/2018\/03\/TOM_PREVIEW-440x100.jpg\" class=\"&#039;img-responsive&#039; wp-post-image\" alt=\"\" \/>\t\t\t\t\t\t\t\t\t\t\t\t<\/article>\r\n\t\t\t\t<\/div>\r\n\t\t\t<\/a>\r\n\t\t\t<\/div><!-- \/col-xs -->\r\n\t\t\t\t\t\t\t\t\t<div class=\"col-sm-6 col-md-4 mb-5\">\r\n\t\t\t\t\t\t\t\t\t<a class=\"item-link\" href=\"https:\/\/www.tommasin.com\/de\/utensili\/werkzeuge-fur-den-maschinenbau\/werkzeuglinie-werkzeuge-fur-den-maschinenbau\/3092\/ftr-f\/\" title=\"3092Eckfr\u00e4sen &#8211; Feinbearbeitung\">\t\r\n\t\t\t\t<div class=\"tool-external-container\">\r\n\t\t\t\t\t<div class=\"tool-moore-info-container\">\r\n\t\t\t\t\t\t<span class=\"tool-more-info\">mehr erfahren<\/span>\r\n\t\t\t\t\t<\/div>\r\n\t\t\t\t\t<article id=\"post-3092\" class=\"post-3092 type-utensili item-container\">\r\n\t\t\t\t\t\t<h3 class=\"item-title\">FTR\/F<\/h3>\r\n\t\t\t\t\t\t\t<p class=\"item-description\">\r\n\t\t\t\t\t\t\t\tMEHRSCHNEIDENTORUSFR\u00c4SER F\u00dcR FEINBEARBEITUNGEN...\t\t\t\t\t\t\t<\/p>\r\n\t\t\t\t\t\t\t<img loading=\"lazy\" decoding=\"async\" width=\"440\" height=\"100\" src=\"https:\/\/www.tommasin.com\/wp-content\/uploads\/2018\/03\/FTR-F_PREVIEW-440x100.jpg\" class=\"&#039;img-responsive&#039; wp-post-image\" alt=\"\" \/>\t\t\t\t\t\t\t\t\t\t\t\t<\/article>\r\n\t\t\t\t<\/div>\r\n\t\t\t<\/a>\r\n\t\t\t<\/div><!-- \/col-xs -->\r\n\t\t\t\t\t\t\t\t\t<div class=\"col-sm-6 col-md-4 mb-5\">\r\n\t\t\t\t\t\t\t\t\t<a class=\"item-link\" href=\"https:\/\/www.tommasin.com\/de\/utensili\/werkzeuge-fur-den-maschinenbau\/werkzeuglinie-werkzeuge-fur-den-maschinenbau\/3094\/ftr-l\/\" title=\"3094Eckfr\u00e4sen &#8211; Feinbearbeitung\">\t\r\n\t\t\t\t<div class=\"tool-external-container\">\r\n\t\t\t\t\t<div class=\"tool-moore-info-container\">\r\n\t\t\t\t\t\t<span class=\"tool-more-info\">mehr erfahren<\/span>\r\n\t\t\t\t\t<\/div>\r\n\t\t\t\t\t<article id=\"post-3094\" class=\"post-3094 type-utensili item-container\">\r\n\t\t\t\t\t\t<h3 class=\"item-title\">FTR\/L<\/h3>\r\n\t\t\t\t\t\t\t<p class=\"item-description\">\r\n\t\t\t\t\t\t\t\tTORUSFR\u00c4SER - LANGE SERIE HARTMETALL K\u00d6RNUNG...\t\t\t\t\t\t\t<\/p>\r\n\t\t\t\t\t\t\t<img loading=\"lazy\" decoding=\"async\" width=\"440\" height=\"100\" src=\"https:\/\/www.tommasin.com\/wp-content\/uploads\/2018\/03\/FTR-L_PREVIEW-440x100.jpg\" class=\"&#039;img-responsive&#039; wp-post-image\" alt=\"\" \/>\t\t\t\t\t\t\t\t\t\t\t\t<\/article>\r\n\t\t\t\t<\/div>\r\n\t\t\t<\/a>\r\n\t\t\t<\/div><!-- \/col-xs -->\r\n\t\t\t\t\t\t\t\t\t<div class=\"col-sm-6 col-md-4 mb-5\">\r\n\t\t\t\t\t\t\t\t\t<a class=\"item-link\" href=\"https:\/\/www.tommasin.com\/de\/utensili\/werkzeuge-fur-den-maschinenbau\/werkzeuglinie-werkzeuge-fur-den-maschinenbau\/3086\/fmt\/\" title=\"3086Eckfr\u00e4sen &#8211; Feinbearbeitung\">\t\r\n\t\t\t\t<div class=\"tool-external-container\">\r\n\t\t\t\t\t<div class=\"tool-moore-info-container\">\r\n\t\t\t\t\t\t<span class=\"tool-more-info\">mehr erfahren<\/span>\r\n\t\t\t\t\t<\/div>\r\n\t\t\t\t\t<article id=\"post-3086\" class=\"post-3086 type-utensili item-container\">\r\n\t\t\t\t\t\t<h3 class=\"item-title\">FMT<\/h3>\r\n\t\t\t\t\t\t\t<p class=\"item-description\">\r\n\t\t\t\t\t\t\t\tMEHRSCHNEIDENFR\u00c4SER F\u00dcR SUPERFEINBEARBEITUNGEN...\t\t\t\t\t\t\t<\/p>\r\n\t\t\t\t\t\t\t<img loading=\"lazy\" decoding=\"async\" width=\"440\" height=\"100\" src=\"https:\/\/www.tommasin.com\/wp-content\/uploads\/2018\/03\/FMT_PREVIEW-440x100.jpg\" class=\"&#039;img-responsive&#039; wp-post-image\" alt=\"\" \/>\t\t\t\t\t\t\t\t\t\t\t\t<\/article>\r\n\t\t\t\t<\/div>\r\n\t\t\t<\/a>\r\n\t\t\t<\/div><!-- \/col-xs -->\r\n\t\t\t\r\n\t\t\r\n\t<\/div><!-- \/row -->\r\n\t\n<\/p><\/body><\/html>\n","protected":false},"excerpt":{"rendered":"","protected":false},"author":1,"featured_media":0,"parent":3745,"menu_order":0,"comment_status":"closed","ping_status":"closed","template":"","meta":{"_acf_changed":false,"footnotes":""},"class_list":["post-3852","page","type-page","status-publish","hentry"],"acf":[],"_links":{"self":[{"href":"https:\/\/www.tommasin.com\/de\/wp-json\/wp\/v2\/pages\/3852","targetHints":{"allow":["GET"]}}],"collection":[{"href":"https:\/\/www.tommasin.com\/de\/wp-json\/wp\/v2\/pages"}],"about":[{"href":"https:\/\/www.tommasin.com\/de\/wp-json\/wp\/v2\/types\/page"}],"author":[{"embeddable":true,"href":"https:\/\/www.tommasin.com\/de\/wp-json\/wp\/v2\/users\/1"}],"replies":[{"embeddable":true,"href":"https:\/\/www.tommasin.com\/de\/wp-json\/wp\/v2\/comments?post=3852"}],"version-history":[{"count":2,"href":"https:\/\/www.tommasin.com\/de\/wp-json\/wp\/v2\/pages\/3852\/revisions"}],"predecessor-version":[{"id":3854,"href":"https:\/\/www.tommasin.com\/de\/wp-json\/wp\/v2\/pages\/3852\/revisions\/3854"}],"up":[{"embeddable":true,"href":"https:\/\/www.tommasin.com\/de\/wp-json\/wp\/v2\/pages\/3745"}],"wp:attachment":[{"href":"https:\/\/www.tommasin.com\/de\/wp-json\/wp\/v2\/media?parent=3852"}],"curies":[{"name":"wp","href":"https:\/\/api.w.org\/{rel}","templated":true}]}}